{"id":1088,"date":"2018-10-23T11:56:30","date_gmt":"2018-10-23T09:56:30","guid":{"rendered":"https:\/\/www.internationalprojects.com\/privacy\/"},"modified":"2019-03-06T15:54:58","modified_gmt":"2019-03-06T14:54:58","slug":"privacy","status":"publish","type":"page","link":"https:\/\/www.internationalprojects.com\/es\/privacy\/","title":{"rendered":"Privacy policy"},"content":{"rendered":"<h1>POL\u00cdTICA DE PRIVACIDAD<\/h1>\n<p>IP International Projects tiene muy en cuenta tu privacidad. Esta pol\u00edtica de privacidad explica c\u00f3mo aseguramos la confidencialidad de tus datos personales.<\/p>\n<h4 class=\"normal\">Informaci\u00f3n recogida<\/h4>\n<p>IP International Projects recoge dos tipos de informaci\u00f3n a trav\u00e9s de su p\u00e1gina web: informaci\u00f3n personal sobre el cliente, facilitada de forma voluntaria por \u00e9ste cuando solicita informaci\u00f3n a trav\u00e9s de alguna de nuestras formas de contacto, e informaci\u00f3n an\u00f3nima (en la forma de archivo de servidor registrado y cookies del navegador) por la que ning\u00fan individuo puede ser identificado.<\/p>\n<h4 class=\"normal\">Informaci\u00f3n personal<\/h4>\n<p>La informaci\u00f3n personal recolectada a trav\u00e9s de IP International Projects y nuestra p\u00e1gina web se guarda en un banco de datos seguro que no es accessible por el p\u00fablico externo. Seguimos procedimientos de seguridad muy estrictos y tomamos medidas apropiadas para asegurarnos de que la informaci\u00f3n que nos facilitas no se da\u00f1e, destruya o se manipule por un tercero sin tener la autorizaci\u00f3n del cliente y para prevenir el acceso no autorizado a esta informaci\u00f3n.<br \/>\nSi lo solicitas, por supuesto te haremos una copia con toda la informaci\u00f3n personal que nos has facilitado.<br \/>\nUsaremos tus datos de contacto para verificar tu identidad, protegerte contra cualquier fraude o para contactarte por alguno de los siguentes motivos:<\/p>\n<ul type=\"disc\">\n<li>para notificate cambios o noticias relacionadas con el curso del que has solicitado informaci\u00f3n<\/li>\n<li>para enviarte informaci\u00f3n sobre servicios sobre los que creemos que podr\u00edas estar intersado<\/li>\n<li>para notificate cambios en nuestra p\u00e1gina web<\/li>\n<li>para pedir tu opini\u00f3n sobre posibles mejoras en nuestros servicios<\/li>\n<\/ul>\n<p>Necesitaremos usar la informaci\u00f3n que nos has facilitado para poder proceder a la inscripci\u00f3n en el programa solicitado. A la vez, necesitaremos transmitir esta informaci\u00f3n a aquellos que est\u00e9n involucrados en tu curso de idioma, como son la escuela de idomas a la que quieres asistir o la organizaci\u00f3n de servicio de traslados. Tus datos no ser\u00e1n facilitados a ninguna persona que est\u00e9 fuera de nuestra empresa, a menos que esta informaci\u00f3n sea requerida por la ley o cualquier instituci\u00f3n guvernamental. Tu direcci\u00f3n de correo electr\u00f3nico u otros detalles sobre tu persona nunca ser\u00e1n vendidos, alquilados, compartidos o comercializados. Toda la informaci\u00f3n que recibas de nosotros contendr\u00e1 una opci\u00f3n que podr\u00e1s marcar para dejar de recibir informaci\u00f3n sobre nosotros.<\/p>\n<h4 class=\"normal\">Informaci\u00f3n an\u00f3nima<\/h4>\n<p>Usaremos tu direcci\u00f3n IP para ayudar a detectar problemas con el servidor y para administrar nuestra p\u00e1gina web. Tambi\u00e9n podemos agregar estad\u00edsticas sobre nuestos clientes, ventas, patr\u00f3n de tr\u00e1fico e informaci\u00f3n de p\u00e1ginas relacionadas para propuestas de investigaci\u00f3n interna. Estas estad\u00edsticas no incluir\u00e1n informaci\u00f3n personal que identifique a nuestros clientes. Este sitio utiliza tambi\u00e9n\u00a0<em>cookies<\/em>\u00a0para permitirnos mejorar el servicio que te ofrecemos y proporcionarte determinadas funciones que pueden resultarte \u00fatiles. Las\u00a0<em>cookies<\/em>\u00a0son peque\u00f1os archivos de texto que se guardar\u00e1n en la unidad de disco duro de tu ordenador a trav\u00e9s del navegador Web para permitirnos reconocer tu navegador y ayudarnos a realizar un seguimiento de los visitantes de nuestro sitio, de manera que nos permitan entender mejor los productos y servicios que m\u00e1s se adapten a tus necesidades.Tambi\u00e9n utilizamos\u00a0<em>cookies\u00a0<\/em>para reconocer qu\u00e9 usuarios han visitado nuestra p\u00e1gina web \u00faltimamente y cu\u00e1les han llegado a ella a trav\u00e9s de otras fuentes, como por ejemplo a trav\u00e9s de correos electr\u00f3nicos o publicidad en otras p\u00e1ginas web. Estas\u00a0<em>cookies<\/em>\u00a0no contienen ning\u00fan tipo de informaci\u00f3n personal.<br \/>\nRecoger direcciones de IP y usar las cookies del navegador son tareas comunes en internet que se llevan a cabo tambi\u00e9n por otras p\u00e1ginas web. Si tienes otras preguntas relacionadas con la pol\u00edtca de privacidad o sobre c\u00f3mo usamos la informaci\u00f3n personal que nos proporcionas, por favor\u00a0<a href=\"https:\/\/ssl.internationalprojects.biz\/es\/contact\/contact.html\">cont\u00e1ctanos<\/a>.<\/p>\n","protected":false},"excerpt":{"rendered":"<p>POL\u00cdTICA DE PRIVACIDAD IP International Projects tiene muy en cuenta tu privacidad. Esta pol\u00edtica de privacidad explica c\u00f3mo aseguramos la confidencialidad de tus datos personales. Informaci\u00f3n recogida IP International Projects recoge dos tipos de informaci\u00f3n a trav\u00e9s de su p\u00e1gina web: informaci\u00f3n personal sobre el cliente, facilitada de forma voluntaria por \u00e9ste cuando solicita informaci\u00f3n [&hellip;]<\/p>\n","protected":false},"author":3,"featured_media":0,"parent":0,"menu_order":0,"comment_status":"closed","ping_status":"closed","template":"","meta":{"footnotes":""},"acf":[],"_links":{"self":[{"href":"https:\/\/www.internationalprojects.com\/es\/wp-json\/wp\/v2\/pages\/1088"}],"collection":[{"href":"https:\/\/www.internationalprojects.com\/es\/wp-json\/wp\/v2\/pages"}],"about":[{"href":"https:\/\/www.internationalprojects.com\/es\/wp-json\/wp\/v2\/types\/page"}],"author":[{"embeddable":true,"href":"https:\/\/www.internationalprojects.com\/es\/wp-json\/wp\/v2\/users\/3"}],"replies":[{"embeddable":true,"href":"https:\/\/www.internationalprojects.com\/es\/wp-json\/wp\/v2\/comments?post=1088"}],"version-history":[{"count":2,"href":"https:\/\/www.internationalprojects.com\/es\/wp-json\/wp\/v2\/pages\/1088\/revisions"}],"predecessor-version":[{"id":1090,"href":"https:\/\/www.internationalprojects.com\/es\/wp-json\/wp\/v2\/pages\/1088\/revisions\/1090"}],"wp:attachment":[{"href":"https:\/\/www.internationalprojects.com\/es\/wp-json\/wp\/v2\/media?parent=1088"}],"curies":[{"name":"wp","href":"https:\/\/api.w.org\/{rel}","templated":true}]}}