{"id":1099,"date":"2018-10-23T11:52:28","date_gmt":"2018-10-23T09:52:28","guid":{"rendered":"https:\/\/www.internationalprojects.com\/terms\/"},"modified":"2025-09-05T16:12:01","modified_gmt":"2025-09-05T14:12:01","slug":"terms","status":"publish","type":"page","link":"https:\/\/www.internationalprojects.com\/es\/terms\/","title":{"rendered":"Terms &#038; Conditions"},"content":{"rendered":"<h1>T\u00e9rminos y condiciones generales<\/h1>\n<p>El contrato entre usted e IP International Projects (una marca comercial de FG Languages \u200b\u200bLtd.) est\u00e1 sujeto a las siguientes condiciones.<\/p>\n<h4 class=\"normal\">Reserva de un curso<\/h4>\n<p>Se puede reservar un curso de idiomas a trav\u00e9s de internet. El pago del curso de idiomas y de los servicios complementarios que se hayan reservado, se dividen en un pago inicial del 25% de la suma total de la factura y un pago final de la suma restante. En caso de que desee reservar un curso que comienza en los pr\u00f3ximos 28 d\u00edas, se tendr\u00e1 que realizar el pago completo de dicho curso. Tan pronto como recibamos su formulario de reserva, su reserva ser\u00e1 confirmada y se le enviar\u00e1 dicha confirmaci\u00f3n junto con la factura. El segundo pago se realizar\u00e1 28 d\u00edas antes del comienzo del curso reservado. Es responsabilidad del estudiante asegurarse de que dispone de un pasaporte v\u00e1lido y de que puede obtener la documentaci\u00f3n necesaria para entrar en el pa\u00eds de acogida. IP International Projects no se hace responsable de la p\u00e9rdida del dinero depositado en su reserva en caso de que el participante del curso de idiomas no tenga la documentaci\u00f3n necesaria para viajar en el momento de su partida o haya dado informaci\u00f3n falsa de sus documentos.<\/p>\n<p><strong>Peticiones de grupo<\/strong><\/p>\n<p>Si tienes una petici\u00f3n para un grupo, por favor env\u00eda los de talles al Departamento de Grupos en la oficina central (<a href=\"mailto:groups@internationalprojects.com\">groups@internationalprojects.com<\/a>). Te prepararemos un presupuesto con costes netos de acuerdo a tus necesidades.<\/p>\n<h4 class=\"normal\">Forma de pago<\/h4>\n<p>El dep\u00f3sito de reserva del 25 %y las tasas completas del curso de idiomas y los servicios complementarios reservados se pueden realizar de la siguiente manera:<\/p>\n<ul>\n<li>Transferencia bancaria a la cuenta indicada en la factura<\/li>\n<li>Tarjeta de cr\u00e9dito mediante el enlace indicado en la factura<\/li>\n<\/ul>\n<h4 class=\"normal\">Cancelaci\u00f3n del Programa<\/h4>\n<p>La cancelaci\u00f3n del curso deber\u00e1 dirigirse de forma escrita a International Projects. Las tarifas se retendr\u00e1n seg\u00fan se reciba la notificaci\u00f3n:<\/p>\n<ul>\n<li>Hasta 65 d\u00edas antes de la llegada, se retiene un dep\u00f3sito no reembolsable de 70GBP\/85\u20ac.<\/li>\n<li>64-30 d\u00edas:25% del importe total de la factura retenido<\/li>\n<li>29-17 d\u00edas: 50% del importe total de la factura retenido<\/li>\n<li>16-8 d\u00edas: 75% del importe total de la factura retenido<\/li>\n<li>7-1 d\u00edas: 95% del importe total de la factura retenido<\/li>\n<li>D\u00eda de llegada: 100% del importe total retenido<\/li>\n<\/ul>\n<p>Si la demanda de uno de nuestros cursos o centros es insuficiente, IP International Projects se reserva el derecho de ofrecer un curso o centro alternativo o, como \u00faltimo recurso, cancelar y reembolsar las tarifas.<\/p>\n<h4>Petici\u00f3n de visados y Denegaci\u00f3n de visados<\/h4>\n<p>P\u00f3ngase en contacto con la embajada o el consulado del pa\u00eds de destino que desee visitar antes de partir para obtener informaci\u00f3n detallada. El proceso de solicitud y aprobaci\u00f3n del visado puede llevar alg\u00fan tiempo, por lo que es mejor solicitarlo con bastante antelaci\u00f3n. Le enviaremos una carta de invitaci\u00f3n por solicitud cuando se haya abonado al menos el importe del dep\u00f3sito. Si el estudiante necesita que le enviemos la carta de invitaci\u00f3n original por correo urgente, deber\u00e1 abonar la tasa correspondiente a este servicio. Si se rechaza una solicitud de visado y recibimos pruebas por escrito al menos 10 d\u00edas laborables antes de la llegada, reembolsaremos \u00edntegramente las tasas recibidas, menos una tasa administrativa de 100 GBP\/120\u20ac. Cuando recibamos esta prueba, el reembolso se le abonar\u00e1 en un plazo de cuatro semanas a partir de la fecha en que nos facilite los datos bancarios y nos firme una autorizaci\u00f3n para que el reembolso se abone en dicha cuenta. Si la prueba escrita de la denegaci\u00f3n se recibe menos de 10 d\u00edas antes de la llegada, el reembolso se abonar\u00e1 descontando la tasa administrativa y los siguientes pagos no reembolsables: 150 GBP\/180\u20ac.<\/p>\n<p>Si se deniega un visado porque el estudiante ha presentado documentos falsos o falsificados a la Embajada como parte de su solicitud, no se efectuar\u00e1 ning\u00fan reembolso. En caso de que la carta de invitaci\u00f3n para el visado se haya enviado por mensajer\u00eda urgente, esta tasa tampoco ser\u00e1 reembolsable.<\/p>\n<p><strong>Acortar la duraci\u00f3n de un programa<\/strong><\/p>\n<p>Si se desea acortar la duraci\u00f3n de su curso de idiomas una vez que \u00e9ste haya empezado, no se te reembolsar\u00e1n las tasas pagadas.<\/p>\n<h4 class=\"normal\">No llegar, llegar tarde o ausentarse<\/h4>\n<p>Si no llega, llega tarde o se ausenta durante el transcurso de su programa, no se le devolver\u00e1n las tasas del curso. Periodos de ausencia no se podr\u00e1n compensar con una extensi\u00f3n gratuita al finalizar el curso.<\/p>\n<h4 class=\"normal\">Traslados a la llegada\/partida<\/h4>\n<p>Por favor, tenga en cuenta que es su responsabilidad comunicarnos sus fechas de llegada\/partida por lo menos 14 d\u00edas antes de su viaje, ya que si no es as\u00ed no podremos ofrecerle el servicio de traslado solicitado.<\/p>\n<p>Para alojamiento en familia: Por favor, organice su llegada y salida del centro de estudios entre las 6:00 am y las 24:00. Si no cumple con estos horarios, tenga la amabilidad de organizar un alojamiento alternativo para la primera y \/ o \u00faltima noche.<br \/>\nSi un estudiante se retrasa, la empresa de transferencia puede cobrar a la escuela un cargo por demora, que IP International Projects pasar\u00e1 al estudiante.<\/p>\n<h4 class=\"normal\">Seguro de responsabilidad civil y sanitario<\/h4>\n<p>IP International Projects, sus representantes, socios y empleados no son responsables por ninguna p\u00e9rdida, da\u00f1o de la propiedad de los participantes o enfermedad de los mismos, independientemente de la raz\u00f3n que lo haya originado, salvo cuando dicha responsabilidad sea impuesta por la ley. Es responsabilidad del estudiante adquirir un seguro personal contra todo riesgo, incluyendo la capacidad para atender o continuar el curso y un seguro para el pago de facturas por servicios m\u00e9dicos. Antes que el estudiante viaje, deber\u00e1 consultar a las autoridades de su pa\u00eds acerca de qu\u00e9 tratamientos m\u00e9dicos ser\u00e1n cubiertos en el pa\u00eds de destino.<br \/>\nRecomendamos que se obtenga un seguro para su propia seguridad personal y financiera. Se puede obtener el seguro por Usted mismo o contratar el seguro de viajes ofertado por nuestra organizaci\u00f3n asociada.<\/p>\n<h4 class=\"normal\">Reclamaciones<\/h4>\n<p>Las reclamaciones deber\u00e1n realizarse de forma escrita y presentarlas en IP International Projects durante la estancia del estudiante en el extranjero. No se tendr\u00e1n en cuenta las reclamaciones que se presenten una vez finalizado el curso de idiomas. Por favor, tenga en cuenta que las costumbres pueden variar de pa\u00eds a pa\u00eds y de anfitri\u00f3n a anfitri\u00f3n.<\/p>\n<h4 class=\"normal\">Reglas y regulaciones<\/h4>\n<p>IP International Projectes tendr\u00e1 derecho a excluir o expulsar del curso de idiomas al estudiante que perturbe reiteradamente las normas de disciplina impuestas, en cuyo caso no se le reembolsar\u00e1n las tasas del curso. IP International Projects no se har\u00e1 responsable de proveeer alojamiento alternativo y transporte, y los costes adicionales relacionados correr\u00e1n a cargo del estudiante o sus padres.<\/p>\n<h4 class=\"normal\">Cambios en el curso de idiomas<\/h4>\n<p>IP International Projects se ve en ocasiones forzada a realizar cambios en sus servicios y se reserva el derecho para hacerlo. Si tuviera que realizarse un cambio importante, el estudiante ser\u00e1 informado, tan pronto como sea posible antes de su partida, sobre los cambios necesarios. Por favor, tenga en cuenta que IP International Projects no se har\u00e1 cargo de ning\u00fan coste de viaje que se pudiera producir. IP International Projects se reserva el derecho de cancelar cursos o juntar clases si no se cumpliera con el n\u00famero m\u00ednimo de estudiantes requerido y de pasar las clases de la ma\u00f1ana a la tarde, si fuera necesario. IP International Projects informa a los clientes de la cancelaci\u00f3n del curso a m\u00e1s tardar 35 d\u00edas antes de la fecha de llegada.<\/p>\n<h4 class=\"normal\">Informaci\u00f3n adicional<\/h4>\n<p>Aproximadamente 10 d\u00edas antes de que comience su curso de idiomas Usted recibir\u00e1 informaci\u00f3n m\u00e1s detallada con la direcci\u00f3n postal de la escuela a la que asistir\u00e1 y el lugar de alojamiento, as\u00ed como qu\u00e9 hacer en su primer d\u00eda. Antes de su llegada a su centro de estudios se le informar\u00e1 sobre qu\u00e9 idiomas habla nuestro personal que se encuentra en el lugar d\u00f3nde va a realizar su curso.<\/p>\n<h4 class=\"normal\">Uso de im\u00e1genes y v\u00eddeos de menores de edad<\/h4>\n<p>Al concertar el contrato de viaje, los tutores legales del viajero, en tanto que este no haya alcanzado todav\u00eda la mayor\u00eda de edad, otorgan su expreso consentimiento para que el operador tur\u00edstico pueda utilizar fotograf\u00edas, im\u00e1genes digitales o grabaciones de v\u00eddeo en las que se reconozca al viajero, tomadas por el operador tur\u00edstico o por terceras personas encargadas, para sus propios fines publicitarios (por ejemplo: cat\u00e1logos, folletos, anuncios, publicidad en internet). El operador tur\u00edstico solicitar\u00e1 asimismo in situ la declaraci\u00f3n de consentimiento del viajero al efecto correspondiente. Los tutores legales otorgan su autorizaci\u00f3n para que el viajero pueda emitir esta declaraci\u00f3n de consentimiento. El operador tur\u00edstico se compromete a preservar los derechos personales del viajero en caso de usar el material gr\u00e1fico y a no utilizar ninguna fotograf\u00eda o grabaci\u00f3n que pueda vulnerar la imagen y\/o privacidad del viajero. Los tutores legales y el viajero pueden revocar su consentimiento en cualquier momento por escrito o por correo electr\u00f3nico indicando el n\u00famero de reserva o el n\u00famero de cliente.<\/p>\n<h4>Fuerza Mayor<\/h4>\n<p>IP International Projects no es responsable de la p\u00e9rdida de clases u otros servicios debido a factores fuera de nuestro control.<\/p>\n<h4>Cambios en la p\u00e1gina web y T\u00e9rminos y Condiciones<\/h4>\n<p>IP International Projects se reserve el derecho de hacer cambios o mejoras en la informaci\u00f3n, servicios, productos y materiales en la p\u00e1gina web que pueden incluir modificaciones o rectificaciones de los t\u00e9rminos y condiciones, en cualquier momento y sin notificaci\u00f3n. Estas modificaciones ser\u00e1n efectivas de forma inmediata, reemplazar\u00e1n a versiones anteriores y ser\u00e1n v\u00e1lidas para todos los cursos y estudiantes desde la fecha del cambio.<\/p>\n<p><strong><u>Por favor ten en cuenta:<\/u><br \/>\n<\/strong>Estos t\u00e9rminos y condiciones se aplican tanto a estudiantes individuales como reservas de grupo!<\/p>\n","protected":false},"excerpt":{"rendered":"<p>T\u00e9rminos y condiciones generales El contrato entre usted e IP International Projects (una marca comercial de FG Languages \u200b\u200bLtd.) est\u00e1 sujeto a las siguientes condiciones. Reserva de un curso Se puede reservar un curso de idiomas a trav\u00e9s de internet. El pago del curso de idiomas y de los servicios complementarios que se hayan reservado, [&hellip;]<\/p>\n","protected":false},"author":3,"featured_media":0,"parent":0,"menu_order":0,"comment_status":"closed","ping_status":"closed","template":"","meta":{"footnotes":""},"acf":[],"_links":{"self":[{"href":"https:\/\/www.internationalprojects.com\/es\/wp-json\/wp\/v2\/pages\/1099"}],"collection":[{"href":"https:\/\/www.internationalprojects.com\/es\/wp-json\/wp\/v2\/pages"}],"about":[{"href":"https:\/\/www.internationalprojects.com\/es\/wp-json\/wp\/v2\/types\/page"}],"author":[{"embeddable":true,"href":"https:\/\/www.internationalprojects.com\/es\/wp-json\/wp\/v2\/users\/3"}],"replies":[{"embeddable":true,"href":"https:\/\/www.internationalprojects.com\/es\/wp-json\/wp\/v2\/comments?post=1099"}],"version-history":[{"count":25,"href":"https:\/\/www.internationalprojects.com\/es\/wp-json\/wp\/v2\/pages\/1099\/revisions"}],"predecessor-version":[{"id":4701,"href":"https:\/\/www.internationalprojects.com\/es\/wp-json\/wp\/v2\/pages\/1099\/revisions\/4701"}],"wp:attachment":[{"href":"https:\/\/www.internationalprojects.com\/es\/wp-json\/wp\/v2\/media?parent=1099"}],"curies":[{"name":"wp","href":"https:\/\/api.w.org\/{rel}","templated":true}]}}