{"id":1419,"date":"2020-04-28T12:46:03","date_gmt":"2020-04-28T10:46:03","guid":{"rendered":"https:\/\/www.internationalprojects.com\/online-lessons-thanks\/"},"modified":"2020-04-28T15:25:17","modified_gmt":"2020-04-28T13:25:17","slug":"online-lessons-thanks","status":"publish","type":"page","link":"https:\/\/www.internationalprojects.com\/es\/online-lessons-thanks\/","title":{"rendered":"Online taster lessons &#8211; thanks"},"content":{"rendered":"<p><strong>Muchas gracias por reservar tu lecci\u00f3n de prueba gratis!<\/strong><\/p>\n<p>Te contactaremos cuanto antes para darte todas las instrucciones sobre las lecciones en l\u00ednea y c\u00f3mo juntarse a ellas.<\/p>\n<p>Estamos contentos de pronto darte la bienvenida virtualmente!<\/p>\n","protected":false},"excerpt":{"rendered":"<p>Muchas gracias por reservar tu lecci\u00f3n de prueba gratis! Te contactaremos cuanto antes para darte todas las instrucciones sobre las lecciones en l\u00ednea y c\u00f3mo juntarse a ellas. Estamos contentos de pronto darte la bienvenida virtualmente!<\/p>\n","protected":false},"author":3,"featured_media":0,"parent":0,"menu_order":0,"comment_status":"closed","ping_status":"closed","template":"","meta":{"footnotes":""},"acf":[],"_links":{"self":[{"href":"https:\/\/www.internationalprojects.com\/es\/wp-json\/wp\/v2\/pages\/1419"}],"collection":[{"href":"https:\/\/www.internationalprojects.com\/es\/wp-json\/wp\/v2\/pages"}],"about":[{"href":"https:\/\/www.internationalprojects.com\/es\/wp-json\/wp\/v2\/types\/page"}],"author":[{"embeddable":true,"href":"https:\/\/www.internationalprojects.com\/es\/wp-json\/wp\/v2\/users\/3"}],"replies":[{"embeddable":true,"href":"https:\/\/www.internationalprojects.com\/es\/wp-json\/wp\/v2\/comments?post=1419"}],"version-history":[{"count":2,"href":"https:\/\/www.internationalprojects.com\/es\/wp-json\/wp\/v2\/pages\/1419\/revisions"}],"predecessor-version":[{"id":1427,"href":"https:\/\/www.internationalprojects.com\/es\/wp-json\/wp\/v2\/pages\/1419\/revisions\/1427"}],"wp:attachment":[{"href":"https:\/\/www.internationalprojects.com\/es\/wp-json\/wp\/v2\/media?parent=1419"}],"curies":[{"name":"wp","href":"https:\/\/api.w.org\/{rel}","templated":true}]}}