{"id":1946,"date":"2022-04-13T13:50:23","date_gmt":"2022-04-13T11:50:23","guid":{"rendered":"https:\/\/www.internationalprojects.com\/?page_id=1946"},"modified":"2026-04-20T11:40:55","modified_gmt":"2026-04-20T09:40:55","slug":"information-travel-advice","status":"publish","type":"page","link":"https:\/\/www.internationalprojects.com\/es\/information-travel-advice\/","title":{"rendered":"Consejos para viajar al Reino Unido"},"content":{"rendered":"<h1>Cambios recientes en las reglas de inmigraci\u00f3n y visados<\/h1>\n<p>Aqu\u00ed tienes una actualizaci\u00f3n sobre el nuevo esquema de Autorizaci\u00f3n Electr\u00f3nica de Viaje (ETA), los cambios en las tarifas de manutenci\u00f3n y los eVisas.<\/p>\n<h4>Despliegue de la Autorizaci\u00f3n Electr\u00f3nica de Viaje (ETA)<\/h4>\n<p>Una Autorizaci\u00f3n Electr\u00f3nica de Viaje (ETA) es un permiso digital para viajar al Reino Unido destinado a aquellos que actualmente no necesitan un visado o que no tienen un estatus de inmigraci\u00f3n en el Reino Unido.<\/p>\n<p><strong>Fase 1<\/strong> \u2013 La ETA se introdujo en noviembre de 2023 para los ciudadanos de Catar y se extendi\u00f3 a Bar\u00e9in, Kuwait, Om\u00e1n, Arabia Saudita y los Emiratos \u00c1rabes Unidos.<\/p>\n<p>UKVI (Visados e Inmigraci\u00f3n del Reino Unido) ha anunciado cu\u00e1ndo otros nacionales que no requieren visado necesitar\u00e1n la ETA antes de poder viajar al Reino Unido.<\/p>\n<p><strong>Fase 2<\/strong> \u2013 A partir del 8 de enero de 2025, los nacionales de todos los pa\u00edses no europeos que figuran en la lista de pa\u00edses con requisito de visado deber\u00e1n demostrar que tienen una ETA antes de abordar su vuelo al Reino Unido. Las solicitudes de ETA para este grupo de pa\u00edses se abrir\u00e1n el mi\u00e9rcoles 27 de noviembre de 2024.<\/p>\n<p><strong>Fase 3<\/strong> \u2013 A partir del mi\u00e9rcoles 2 de abril de 2025, todos los nacionales de pa\u00edses europeos (UE\/EEE y microestados europeos) necesitar\u00e1n una ETA para entrar en el Reino Unido.<\/p>\n<p>Las solicitudes podr\u00e1n ser presentadas a partir del mi\u00e9rcoles 5 de marzo de 2025.<\/p>\n<h4>Coste<\/h4>\n<p>La ETA tiene un costo de 20\u00a3 por solicitante y es v\u00e1lida por dos a\u00f1os. La ETA est\u00e1 vinculada al pasaporte del visitante. Se necesitar\u00e1 una nueva ETA si el pasaporte expira en menos de dos a\u00f1os.<\/p>\n<h4>\u00bfC\u00f3mo solicitarla?<\/h4>\n<p>Las solicitudes pueden hacerse en l\u00ednea o utilizando la aplicaci\u00f3n UK ETA. Se toma una decisi\u00f3n en un plazo de tres d\u00edas.<\/p>\n<h4>\u00bfQu\u00e9 ocurre si se rechaza la ETA?<\/h4>\n<p>Una solicitud de ETA puede ser rechazada. En ese caso, el solicitante deber\u00e1 solicitar un visado de visitante.<\/p>\n<p>Fuente: <a href=\"https:\/\/www.englishuk.com\/en\/about-us\/news-press\/english-uk-news?newsId=3487&amp;_cldee=0IP_T_eNo2Wkgoc6LqSh2e6ynGeo9Rj243ii7G2tWA_vqbr79eOj8cM6RjMTlAT_AW2Wwv4Y4F7kWtGjF2_JVA&amp;recipientid=contact-1ca1fb508183e61180e2c4346baceb08-2ebbf473598e4e9da32c4582b7d0a805&amp;utm_source=ClickDimensions&amp;utm_medium=email&amp;utm_campaign=Member%20newsletter&amp;esid=8ee98ae2-207b-ef11-ac20-6045bd9b13b6\">English UK<\/a><\/p>\n<p><a href=\"https:\/\/www.gov.uk\/guidance\/apply-for-an-electronic-travel-authorisation-eta#who-can-apply\">Lee m\u00e1s sobre la ETA<\/a><\/p>\n<p>Verifica cu\u00e1ndo puedes obtener una ETA<\/p>\n<p>Las solicitudes pueden hacerse en l\u00ednea utilizando la siguiente aplicaci\u00f3n:<\/p>\n<p><a class=\"gem-c-button govuk-button govuk-button--start\" role=\"button\" draggable=\"false\" href=\"https:\/\/apps.apple.com\/us\/app\/uk-eta\/id6444912481\" data-module=\"govuk-button\" data-ga4-attributes=\"{&quot;event_name&quot;:&quot;navigation&quot;,&quot;type&quot;:&quot;start button&quot;}\" data-govuk-button-module-started=\"true\">Download on the App Store<\/a><\/p>\n<p><a class=\"gem-c-button govuk-button govuk-button--start\" role=\"button\" draggable=\"false\" href=\"https:\/\/play.google.com\/store\/apps\/details?id=uk.gov.HomeOffice.ho3\" data-module=\"govuk-button\" data-ga4-attributes=\"{&quot;event_name&quot;:&quot;navigation&quot;,&quot;type&quot;:&quot;start button&quot;}\" data-govuk-button-module-started=\"true\">Download on Google Play<\/a><\/p>\n<h1>Visados<\/h1>\n<p>Los ciudadanos de Espa\u00f1a que vayan como turistas a \u00a0Alemania o Francia no necesitan visados. S\u00f3lo es necesario el DNI. Los ciudadanos de Espa\u00f1a que vayan como turistas a Gran Breta\u00f1a necesitan un Pasaporte y el documento ETA, mencionado anteriormente. Los menores de edad deben disponer adem\u00e1s de una autorizaci\u00f3n policial solicitada por los padres en la comisar\u00eda de polic\u00eda.<\/p>\n<p>Si deseas realizar uno de nuestros cursos de idiomas y procedes de un pa\u00eds que requiere un visado para entrar en otro pa\u00eds, necesitar\u00e1s solicitar un visado en tu pa\u00eds de origen. Por favor, contacta con la embajada o el consulado del pa\u00eds en el que quieres realizar tu viaje de idiomas para obtener una infomraci\u00f3n m\u00e1s detallada. La solicitud del visado y el proceso de aprobaci\u00f3n puede tardar un tiempo, por eso es recomendable que lo solicites con bastante tiempo de antelaci\u00f3n .<\/p>\n<p>En las siguientes p\u00e1ginas web encontrar\u00e1s informaci\u00f3n detallada y actualizada sobre solicitud de visados adem\u00e1s de informaci\u00f3n de contacto para aquellos que tengan consultas m\u00e1s espec\u00edficas:<\/p>\n<h5 class=\"normal\">Great Britain:<\/h5>\n<blockquote><p><a href=\"http:\/\/www.ind.homeoffice.gov.uk\/\" target=\"_blank\" rel=\"noopener\">http:\/\/www.ind.homeoffice.gov.uk\/<\/a><\/p><\/blockquote>\n<h5 class=\"normal\">France:<\/h5>\n<blockquote><p><a href=\"http:\/\/www.diplomatie.gouv.fr\/\" target=\"_blank\" rel=\"noopener\">http:\/\/www.diplomatie.gouv.fr<\/a><\/p><\/blockquote>\n<h5 class=\"normal\">Germany:<\/h5>\n<blockquote><p><a href=\"http:\/\/www.auswaertiges-amt.de\/\" target=\"_blank\" rel=\"noopener\">http:\/\/www.auswaertiges-amt.de<\/a><\/p><\/blockquote>\n<p>Para cualquier consulta sobre reserva e informaci\u00f3n b\u00e1sica de visado,\u00a0<a href=\"https:\/\/ssl.internationalprojects.biz\/es\/contact\/contact.html\">cont\u00e1ctanos<\/a>. Estaremos encantados de ayudarte, aunque recibir\u00e1s mejor informaci\u00f3n actualizada por parte de la embajada de tu pa\u00eds.<\/p>\n","protected":false},"excerpt":{"rendered":"<p>Cambios recientes en las reglas de inmigraci\u00f3n y visados Aqu\u00ed tienes una actualizaci\u00f3n sobre el nuevo esquema de Autorizaci\u00f3n Electr\u00f3nica de Viaje (ETA), los cambios en las tarifas de manutenci\u00f3n y los eVisas. Despliegue de la Autorizaci\u00f3n Electr\u00f3nica de Viaje (ETA) Una Autorizaci\u00f3n Electr\u00f3nica de Viaje (ETA) es un permiso digital para viajar al Reino [&hellip;]<\/p>\n","protected":false},"author":3,"featured_media":0,"parent":0,"menu_order":0,"comment_status":"closed","ping_status":"closed","template":"","meta":{"footnotes":""},"acf":[],"_links":{"self":[{"href":"https:\/\/www.internationalprojects.com\/es\/wp-json\/wp\/v2\/pages\/1946"}],"collection":[{"href":"https:\/\/www.internationalprojects.com\/es\/wp-json\/wp\/v2\/pages"}],"about":[{"href":"https:\/\/www.internationalprojects.com\/es\/wp-json\/wp\/v2\/types\/page"}],"author":[{"embeddable":true,"href":"https:\/\/www.internationalprojects.com\/es\/wp-json\/wp\/v2\/users\/3"}],"replies":[{"embeddable":true,"href":"https:\/\/www.internationalprojects.com\/es\/wp-json\/wp\/v2\/comments?post=1946"}],"version-history":[{"count":12,"href":"https:\/\/www.internationalprojects.com\/es\/wp-json\/wp\/v2\/pages\/1946\/revisions"}],"predecessor-version":[{"id":5035,"href":"https:\/\/www.internationalprojects.com\/es\/wp-json\/wp\/v2\/pages\/1946\/revisions\/5035"}],"wp:attachment":[{"href":"https:\/\/www.internationalprojects.com\/es\/wp-json\/wp\/v2\/media?parent=1946"}],"curies":[{"name":"wp","href":"https:\/\/api.w.org\/{rel}","templated":true}]}}