{"id":1050,"date":"2018-10-18T15:22:37","date_gmt":"2018-10-18T13:22:37","guid":{"rendered":"https:\/\/www.internationalprojects.com\/about-us\/"},"modified":"2025-09-04T13:39:07","modified_gmt":"2025-09-04T11:39:07","slug":"about-us","status":"publish","type":"page","link":"https:\/\/www.internationalprojects.com\/fr\/about-us\/","title":{"rendered":"About us"},"content":{"rendered":"<h2>IP International Projects<\/h2>\n<p>Nous sommes un tour op\u00e9rateur germano-britannique. Chaque ann\u00e9e, environ 3 000 clients de diff\u00e9rents pays voyagent avec nous pour apprendre plus qu&rsquo;une simple langue.<\/p>\n<p>Tout a commenc\u00e9 en Allemagne, o\u00f9 nous \u00e9tions connus sous le nom de Offaehrte Sprachreisen. Nous organisons des vacances pour enfants et adolescents sous cette marque depuis 1986. Au milieu des ann\u00e9es 1990, nous avons commenc\u00e9 \u00e0 nous sp\u00e9cialiser dans le domaine des s\u00e9jours linguistiques pour les enfants, les adolescents et les familles.<\/p>\n<p>Depuis 2000, nous op\u00e9rons au niveau international sous le nom de IP International Projects.<\/p>\n<p>Aujourd&rsquo;hui, IP International Projects est une marque de FG Languages Ltd. Nous op\u00e9rons en tant qu&rsquo;\u00e9ducateurs sp\u00e9cialis\u00e9s pour les enfants et les jeunes dans 4 centres d&rsquo;\u00e9t\u00e9 britanniques (Bournemouth, Winchester, Southend-on-Sea et Exeter), un centre fran\u00e7ais (Bayonne) et un centre allemand (Ebernburg &#8211; pr\u00e8s de Francfort). Nos programmes tout compris offrent aux \u00e9tudiants la possibilit\u00e9 d&rsquo;apprendre l&rsquo;anglais, le fran\u00e7ais ou l&rsquo;allemand aux c\u00f4t\u00e9s d&rsquo;\u00e9tudiants internationaux du m\u00eame \u00e2ge et de profiter d&rsquo;un programme d&rsquo;activit\u00e9s passionnant sur place.<\/p>\n<p>Nous travaillons en \u00e9troite collaboration avec <a href=\"https:\/\/www.europa-school.co.uk\/\" target=\"_blank\" rel=\"noopener\">Europa School of English<\/a>, qui est l&rsquo;\u00e9cole de langues ouverte toute l&rsquo;ann\u00e9e de FG Languages Ltd \u00e0 Bournemouth, au Royaume-Uni. Europa School propose des cours d&rsquo;anglais de grande qualit\u00e9 et des programmes d&rsquo;activit\u00e9s passionnants pour les adultes, ainsi que des programmes de courts en basse saison pour les groupes.<\/p>\n<h3>L\u2019orientation client\u00e8le<\/h3>\n<p>Chacun de nos clients a des besoins et des souhaits individuels. Nous offrons des destinations int\u00e9ressantes qui r\u00e9pondent aux diff\u00e9rentes attentes ainsi qu\u2019\u00e0 tous les budgets. La satisfaction de nos clients est notre principal objectif \u2013 depuis le premier contact jusqu&rsquo;\u00e0 la fin du voyage. C\u2019est la raison pour laquelle nous vous proposons un service s\u00e9rieux, transparent et efficace.<\/p>\n<h3>Learn more than a language<\/h3>\n<p>Dans nos s\u00e9jours linguistiques nous mettons l\u2019accent sur le plaisir de l\u2019apprentissage et de l\u2019approfondissement des langues \u00e9trang\u00e8res. Important aussi : le contact des enfants et des jeunes avec d\u2019autres cultures. C\u2019est pourquoi nos enseignants sont tous form\u00e9s pour enseigner leur langue maternelle. C&rsquo;est pourquoi nous n&#8217;employons comme enseignants que des locuteurs natifs ou de niveau natif ayant l&rsquo;exp\u00e9rience requise. Pendant le s\u00e9jour la communication se fait uniquement dans la langue du pays d\u2019accueil, sauf pour nos campus bilingues en France et en Allemagne. D\u2019autre part notre programme de loisirs permet aux enfants, aux adolescents et aux jeunes adultes de faire de nouvelles exp\u00e9riences mais aussi de trouver leur propre identit\u00e9.<\/p>\n<h3>Encadrement<\/h3>\n<p>En ce qui concerne nos s\u00e9jours linguistiques pour enfants et adolescents nous accordons une attention toute particuli\u00e8re \u00e0 un encadrement comp\u00e9tent et adapt\u00e9 \u00e0 l\u2019\u00e2ge. Notre personnel sur place a \u00e9t\u00e9 form\u00e9 pendant plusieurs jours (4-10 jours) pour qu\u2019il soit bien pr\u00e9par\u00e9 \u00e0 son travail. Le programme d\u2019activit\u00e9s ainsi que l\u2019encadrement s\u2019adressent aux diff\u00e9rentes tranches d\u2019\u00e2ges et aux attentes de nos clients.<\/p>\n<h3>\u00catre en forme et actif<\/h3>\n<p>Nous souhaitons montrer aux enfants et adolescents qu\u2019une alimentation saine et \u00e9quilibr\u00e9e, la relaxation et le mouvement sont source de bien-\u00eatre. C\u2019est pourquoi nous proposons dans nos camps d\u2019\u00e9t\u00e9 de nombreuses activit\u00e9s sportives, des espaces de repos ainsi qu\u2019une alimentation saine et go\u00fbteuse.<\/p>\n<h3>Parce que nous nous en soucions !<\/h3>\n<p>Nous nous effor\u00e7ons d&rsquo;\u00eatre aussi respectueux de l&rsquo;environnement que possible dans tous nos centres, en \u00e9t\u00e9 comme hors saison.<\/p>\n<h3>Excursions et transferts<\/h3>\n<p>C&rsquo;est pourquoi nous organisons nos excursions avec les transports publics dans la mesure du possible et nous organisons des transferts communs dans la mesure du possible et nous vous demandons de faire preuve de patience. Avec nos visiteurs, nous pouvons \u00e9conomiser du carbone.<\/p>\n<h3>Pour \u00e9viter le gaspillage alimentaire<\/h3>\n<p>Nous avons commenc\u00e9 \u00e0 travailler avec nos partenaires, tels que les auberges de jeunesse, les universit\u00e9s et les h\u00f4tels, pour \u00e9viter le gaspillage alimentaire. Nous savons tous que la production alimentaire n&rsquo;est pas neutre en carbone et nous voulons y contribuer. Notre objectif est que les \u00e9l\u00e8ves puissent prendre autant de nourriture que n\u00e9cessaire en pouvant prendre de la nourriture au buffet plusieurs fois selon les besoins. Cela permet d&rsquo;\u00e9viter le gaspillage alimentaire.<\/p>\n","protected":false},"excerpt":{"rendered":"<p>IP International Projects Nous sommes un tour op\u00e9rateur germano-britannique. Chaque ann\u00e9e, environ 3 000 clients de diff\u00e9rents pays voyagent avec nous pour apprendre plus qu&rsquo;une simple langue. Tout a commenc\u00e9 en Allemagne, o\u00f9 nous \u00e9tions connus sous le nom de Offaehrte Sprachreisen. Nous organisons des vacances pour enfants et adolescents sous cette marque depuis 1986. [&hellip;]<\/p>\n","protected":false},"author":3,"featured_media":0,"parent":0,"menu_order":0,"comment_status":"closed","ping_status":"closed","template":"","meta":{"footnotes":""},"acf":[],"_links":{"self":[{"href":"https:\/\/www.internationalprojects.com\/fr\/wp-json\/wp\/v2\/pages\/1050"}],"collection":[{"href":"https:\/\/www.internationalprojects.com\/fr\/wp-json\/wp\/v2\/pages"}],"about":[{"href":"https:\/\/www.internationalprojects.com\/fr\/wp-json\/wp\/v2\/types\/page"}],"author":[{"embeddable":true,"href":"https:\/\/www.internationalprojects.com\/fr\/wp-json\/wp\/v2\/users\/3"}],"replies":[{"embeddable":true,"href":"https:\/\/www.internationalprojects.com\/fr\/wp-json\/wp\/v2\/comments?post=1050"}],"version-history":[{"count":12,"href":"https:\/\/www.internationalprojects.com\/fr\/wp-json\/wp\/v2\/pages\/1050\/revisions"}],"predecessor-version":[{"id":4679,"href":"https:\/\/www.internationalprojects.com\/fr\/wp-json\/wp\/v2\/pages\/1050\/revisions\/4679"}],"wp:attachment":[{"href":"https:\/\/www.internationalprojects.com\/fr\/wp-json\/wp\/v2\/media?parent=1050"}],"curies":[{"name":"wp","href":"https:\/\/api.w.org\/{rel}","templated":true}]}}