{"id":1066,"date":"2018-10-23T11:56:30","date_gmt":"2018-10-23T09:56:30","guid":{"rendered":"https:\/\/www.internationalprojects.com\/privacy\/"},"modified":"2021-11-03T09:38:14","modified_gmt":"2021-11-03T08:38:14","slug":"privacy","status":"publish","type":"page","link":"https:\/\/www.internationalprojects.com\/fr\/privacy\/","title":{"rendered":"Privacy policy"},"content":{"rendered":"<h1>Politique de confidentialit\u00e9<\/h1>\n<p>FG Languages Ltd. prend votre confidentialit\u00e9 tr\u00e9s au serieux. Cette politique de confidentialit\u00e9 explique comment nous s\u00e9curisons vos informations.<\/p>\n<h4>Les onformations que nous collectons<\/h4>\n<p>Nous recueillons deux types d&rsquo;informations \u00e0 partir de notre site internet: les donn\u00e9es personnelles que vous nous transmettez \u00e0 travers les questionnaires, et des informations anonymes (sous forme de donn\u00e9es serveur et cookies) \u00e0 partir desquelles il est impossible de vous identifier.<\/p>\n<h4>Informations personelles<\/h4>\n<p>Les donn\u00e9es personnelles collect\u00e9es par FG Languages Ltd. et la marque IP International Projects et sur notre site internet sont stock\u00e9es dans un syst\u00e8me d&rsquo;exploitation ferm\u00e9 au publique. Nous adoptons les mesures et proc\u00e9dures de s\u00e9curit\u00e9 necessaires pour assurer la conservation, l&rsquo;exactitude et surtout la non communication de vos informations \u00e0 une tierce personne.<br \/>\nSi vous nous en faites la demande, nous vous transmettrons une copie du formulaire d&rsquo;information vous concernant que nous conservons.<\/p>\n<p>Nous utilisons les informations que vous nous transmettez dans le seul but de v\u00e9rifier votre identit\u00e9, pour \u00e9viter les fraudes, et dans le but de vous contacter pour les raisons suivantes:<\/p>\n<ul>\n<li>Pour vous informer d&rsquo;\u00e9ventuels changements ou nouvelles concernant le(s) programme(s) pour lesquelles vous avez demand\u00e9 des renseignements.<\/li>\n<li>Pour vous envoyer des informations qui, nous pensons, pourront vous int\u00e9resser.<\/li>\n<li>Pour vous informer de changements sur notre site internet.<\/li>\n<li>Pour vous demander votre avis, dans le but d&rsquo;am\u00e9liorer nos services.<\/li>\n<\/ul>\n<p>Nous avons recours aux informations que vous nous transmettez pour proc\u00e9der \u00e0 votre inscription. Nous devrons transmettre ces informations \u00e0 nos partenaires impliqu\u00e9s dans votre s\u00e9jour linguistique, tel que l&rsquo;\u00e9cole de langue ou l&rsquo;organisme organisateur de services de transferts. Nous ne transmettons vos informations en aucun cas \u00e0 des personnes externes \u00e0 notre entreprise, sauf si la loi nous y contraint ou si un organisme gouvernemental en fait la demande. Nous ne vendons, ni ne louons, ni ne partageons ou n\u00e9gocions en aucun cas vos informations personnelles, et chacune de nos communications pr\u00e9voit une option de \u00ab\u00a0d\u00e9sinscription\u00a0\u00bb simple d&rsquo;acc\u00e8s et d&rsquo;utilisation.<\/p>\n<h4>Informations anonymes<\/h4>\n<p>Il se peut que nous utilisions votre adresse IP pour diagnostiquer des probl\u00e8mes ou pour la gestion de notre site internet. Nous pouvons \u00e9galement r\u00e9aliser des statistiques \u00e0 propos de nos clients, de nos ventes, de la distribution de la circulation, etc&#8230; Ces statistiques sont destin\u00e9es \u00e0 un usage interne exclusivement, et ne comportent pas d&rsquo;\u00e9l\u00e9ments permettant l&rsquo;identification de personnes. Nous avons \u00e9galement recours aux Cookies pour reconnaitre les clients qui ont d\u00e9j\u00e0 visit\u00e9 notre site internet, ou pour identifier ceux qui acc\u00e8dent \u00e0 notre site via diverses sources tel que les pubs sur internet ou les mailings. Ces cookies nous permettent d&rsquo;am\u00e9liorer la qualit\u00e9 de nos services client\u00e8le et ne contienent en aucun cas d&rsquo;information personnelles identifiantes.<br \/>\nLa collecte d&rsquo;adresses IP et le recours aux cookies sont des pratiques normalis\u00e9es sur Internet qui sont r\u00e9alis\u00e9es automatiquement par de nombreux sites internet. En cas de question concernant cette politique de confidentialit\u00e9, ou concernant notre traitement de vos informations priv\u00e9es, merci de bien vouloir\u00a0<a href=\"https:\/\/ssl.internationalprojects.biz\/fr\/contact\/\">nous contacter<\/a>.<\/p>\n","protected":false},"excerpt":{"rendered":"<p>Politique de confidentialit\u00e9 FG Languages Ltd. prend votre confidentialit\u00e9 tr\u00e9s au serieux. Cette politique de confidentialit\u00e9 explique comment nous s\u00e9curisons vos informations. Les onformations que nous collectons Nous recueillons deux types d&rsquo;informations \u00e0 partir de notre site internet: les donn\u00e9es personnelles que vous nous transmettez \u00e0 travers les questionnaires, et des informations anonymes (sous forme [&hellip;]<\/p>\n","protected":false},"author":3,"featured_media":0,"parent":0,"menu_order":0,"comment_status":"closed","ping_status":"closed","template":"","meta":{"footnotes":""},"acf":[],"_links":{"self":[{"href":"https:\/\/www.internationalprojects.com\/fr\/wp-json\/wp\/v2\/pages\/1066"}],"collection":[{"href":"https:\/\/www.internationalprojects.com\/fr\/wp-json\/wp\/v2\/pages"}],"about":[{"href":"https:\/\/www.internationalprojects.com\/fr\/wp-json\/wp\/v2\/types\/page"}],"author":[{"embeddable":true,"href":"https:\/\/www.internationalprojects.com\/fr\/wp-json\/wp\/v2\/users\/3"}],"replies":[{"embeddable":true,"href":"https:\/\/www.internationalprojects.com\/fr\/wp-json\/wp\/v2\/comments?post=1066"}],"version-history":[{"count":4,"href":"https:\/\/www.internationalprojects.com\/fr\/wp-json\/wp\/v2\/pages\/1066\/revisions"}],"predecessor-version":[{"id":1737,"href":"https:\/\/www.internationalprojects.com\/fr\/wp-json\/wp\/v2\/pages\/1066\/revisions\/1737"}],"wp:attachment":[{"href":"https:\/\/www.internationalprojects.com\/fr\/wp-json\/wp\/v2\/media?parent=1066"}],"curies":[{"name":"wp","href":"https:\/\/api.w.org\/{rel}","templated":true}]}}