{"id":1418,"date":"2020-04-28T12:46:03","date_gmt":"2020-04-28T10:46:03","guid":{"rendered":"https:\/\/www.internationalprojects.com\/online-lessons-thanks\/"},"modified":"2020-04-28T13:44:41","modified_gmt":"2020-04-28T11:44:41","slug":"online-lessons-thanks","status":"publish","type":"page","link":"https:\/\/www.internationalprojects.com\/fr\/online-lessons-thanks\/","title":{"rendered":"Online taster lessons &#8211; thanks"},"content":{"rendered":"<p><strong>Merci d\u2019avoir r\u00e9serv\u00e9 les le\u00e7ons d\u2019essai gratuites\u00a0!<\/strong><\/p>\n<p>Nous te contacterons dans les plus brefs d\u00e9lais avec une description d\u00e9taill\u00e9e comment tu peux joindre les le\u00e7ons en ligne.<\/p>\n<p>Nous sommes ravis de te rencontrer dans le monde virtuel bient\u00f4t\u00a0!<\/p>\n","protected":false},"excerpt":{"rendered":"<p>Merci d\u2019avoir r\u00e9serv\u00e9 les le\u00e7ons d\u2019essai gratuites\u00a0! Nous te contacterons dans les plus brefs d\u00e9lais avec une description d\u00e9taill\u00e9e comment tu peux joindre les le\u00e7ons en ligne. Nous sommes ravis de te rencontrer dans le monde virtuel bient\u00f4t\u00a0!<\/p>\n","protected":false},"author":3,"featured_media":0,"parent":0,"menu_order":0,"comment_status":"closed","ping_status":"closed","template":"","meta":{"footnotes":""},"acf":[],"_links":{"self":[{"href":"https:\/\/www.internationalprojects.com\/fr\/wp-json\/wp\/v2\/pages\/1418"}],"collection":[{"href":"https:\/\/www.internationalprojects.com\/fr\/wp-json\/wp\/v2\/pages"}],"about":[{"href":"https:\/\/www.internationalprojects.com\/fr\/wp-json\/wp\/v2\/types\/page"}],"author":[{"embeddable":true,"href":"https:\/\/www.internationalprojects.com\/fr\/wp-json\/wp\/v2\/users\/3"}],"replies":[{"embeddable":true,"href":"https:\/\/www.internationalprojects.com\/fr\/wp-json\/wp\/v2\/comments?post=1418"}],"version-history":[{"count":3,"href":"https:\/\/www.internationalprojects.com\/fr\/wp-json\/wp\/v2\/pages\/1418\/revisions"}],"predecessor-version":[{"id":1426,"href":"https:\/\/www.internationalprojects.com\/fr\/wp-json\/wp\/v2\/pages\/1418\/revisions\/1426"}],"wp:attachment":[{"href":"https:\/\/www.internationalprojects.com\/fr\/wp-json\/wp\/v2\/media?parent=1418"}],"curies":[{"name":"wp","href":"https:\/\/api.w.org\/{rel}","templated":true}]}}